{"id":6,"date":"2021-03-13T16:38:39","date_gmt":"2021-03-13T16:38:39","guid":{"rendered":"http:\/\/lotuswonderland.com\/?page_id=6"},"modified":"2022-02-28T20:56:00","modified_gmt":"2022-02-28T20:56:00","slug":"about","status":"publish","type":"page","link":"https:\/\/lotuswonderland.com\/index.php\/about\/","title":{"rendered":"O nas"},"content":{"rendered":"\n<p>D\u0142ugo zastanawiali\u015bmy si\u0119, jak zacz\u0105\u0107 &#8211; ka\u017cde z nas mia\u0142o inn\u0105 koncepcj\u0119 :).<\/p>\n\n\n\n<p>Jeste\u015bmy par\u0105 duchowych w\u0119drowc\u00f3w przez materialne \u017cycie. Wychowali\u015bmy si\u0119 w Polsce, obecnie mieszkamy w Holandii, a coraz cz\u0119\u015bciej w naszym \u017cyciu goszcz\u0105 Indie, kt\u00f3re nas fascynuj\u0105 ze wzgl\u0119du na duchowe i kulturowe bogactwo. <\/p>\n\n\n\n<p>Utworzyli\u015bmy tego bloga, \u017ceby podzieli\u0107 si\u0119 swoimi do\u015bwiadczeniami na drodze do samorealizacji i wyj\u015bcia z samsary &#8211; kr\u0119gu ponownych narodzin i \u015bmierci. \u015acie\u017cka ta nie jest \u0142atwa, jednak bardzo fascynuj\u0105ca. Prze\u017cywamy ci\u0105g\u0142e wzloty i upadki, ale najwa\u017cniejsze, \u017ce widzimy cel i \u017ce wzajemnie si\u0119 wspieramy.<\/p>\n\n\n\n<p>Piel\u0119gnujemy nasz\u0105 mi\u0142o\u015b\u0107 na r\u00f3\u017cne sposoby, czuj\u0105c przy sobie rado\u015b\u0107 i spok\u00f3j ducha. No, mo\u017ce poza momentami burzowymi czy wchodzenia na kolejny poziom \u015bwiadomo\u015bci \ud83d\ude09<\/p>\n\n\n\n<p>Zapraszamy do wsp\u00f3lnej podr\u00f3\u017cy przez niesamowity i wielopoziomowy \u015bwiat ducha w materii :).<\/p>\n\n\n\n<p>Patrycja (P) i Jacek (J)<\/p>\n\n\n\n<div class=\"wp-block-image is-style-default\"><figure class=\"aligncenter size-large\"><img loading=\"lazy\" decoding=\"async\" width=\"768\" height=\"1024\" src=\"http:\/\/lotuswonderland.com\/wp-content\/uploads\/2021\/03\/IMG-20210322-WA0002-768x1024.jpg\" alt=\"\" class=\"wp-image-396\" srcset=\"https:\/\/lotuswonderland.com\/wp-content\/uploads\/2021\/03\/IMG-20210322-WA0002-768x1024.jpg 768w, https:\/\/lotuswonderland.com\/wp-content\/uploads\/2021\/03\/IMG-20210322-WA0002-225x300.jpg 225w, https:\/\/lotuswonderland.com\/wp-content\/uploads\/2021\/03\/IMG-20210322-WA0002-1152x1536.jpg 1152w, https:\/\/lotuswonderland.com\/wp-content\/uploads\/2021\/03\/IMG-20210322-WA0002-370x493.jpg 370w, https:\/\/lotuswonderland.com\/wp-content\/uploads\/2021\/03\/IMG-20210322-WA0002-760x1013.jpg 760w, https:\/\/lotuswonderland.com\/wp-content\/uploads\/2021\/03\/IMG-20210322-WA0002-600x800.jpg 600w, https:\/\/lotuswonderland.com\/wp-content\/uploads\/2021\/03\/IMG-20210322-WA0002.jpg 1200w\" sizes=\"auto, (max-width: 768px) 100vw, 768px\" \/><\/figure><\/div>\n\n\n\n<p><\/p>\n","protected":false},"excerpt":{"rendered":"<p>D\u0142ugo zastanawiali\u015bmy si\u0119, jak zacz\u0105\u0107 &#8211; ka\u017cde z nas mia\u0142o inn\u0105 koncepcj\u0119 :). Jeste\u015bmy par\u0105&hellip;<\/p>\n","protected":false},"author":1,"featured_media":0,"parent":0,"menu_order":0,"comment_status":"closed","ping_status":"closed","template":"","meta":{"give_campaign_id":0,"footnotes":""},"class_list":["post-6","page","type-page","status-publish","hentry"],"campaignId":"","_links":{"self":[{"href":"https:\/\/lotuswonderland.com\/index.php\/wp-json\/wp\/v2\/pages\/6","targetHints":{"allow":["GET"]}}],"collection":[{"href":"https:\/\/lotuswonderland.com\/index.php\/wp-json\/wp\/v2\/pages"}],"about":[{"href":"https:\/\/lotuswonderland.com\/index.php\/wp-json\/wp\/v2\/types\/page"}],"author":[{"embeddable":true,"href":"https:\/\/lotuswonderland.com\/index.php\/wp-json\/wp\/v2\/users\/1"}],"replies":[{"embeddable":true,"href":"https:\/\/lotuswonderland.com\/index.php\/wp-json\/wp\/v2\/comments?post=6"}],"version-history":[{"count":9,"href":"https:\/\/lotuswonderland.com\/index.php\/wp-json\/wp\/v2\/pages\/6\/revisions"}],"predecessor-version":[{"id":649,"href":"https:\/\/lotuswonderland.com\/index.php\/wp-json\/wp\/v2\/pages\/6\/revisions\/649"}],"wp:attachment":[{"href":"https:\/\/lotuswonderland.com\/index.php\/wp-json\/wp\/v2\/media?parent=6"}],"curies":[{"name":"wp","href":"https:\/\/api.w.org\/{rel}","templated":true}]}}