{"id":110,"date":"2021-03-14T20:24:56","date_gmt":"2021-03-14T20:24:56","guid":{"rendered":"https:\/\/lotuswonderland.com\/?page_id=110"},"modified":"2022-02-20T21:16:02","modified_gmt":"2022-02-20T21:16:02","slug":"cytaty","status":"publish","type":"page","link":"https:\/\/lotuswonderland.com\/index.php\/cytaty\/","title":{"rendered":"Cytaty"},"content":{"rendered":"\n<div class=\"wp-block-columns is-layout-flex wp-container-core-columns-is-layout-9d6595d7 wp-block-columns-is-layout-flex\">\n<div class=\"wp-block-column is-layout-flow wp-block-column-is-layout-flow\" style=\"flex-basis:100%\">\n<div class=\"wp-block-group\"><div class=\"wp-block-group__inner-container is-layout-flow wp-block-group-is-layout-flow\">\n<div class=\"wp-block-columns is-layout-flex wp-container-core-columns-is-layout-9d6595d7 wp-block-columns-is-layout-flex\">\n<div class=\"wp-block-column is-layout-flow wp-block-column-is-layout-flow\" style=\"flex-basis:100%\">\n<div class=\"wp-block-group\"><div class=\"wp-block-group__inner-container is-layout-flow wp-block-group-is-layout-flow\">\n<blockquote class=\"wp-block-quote is-style-large has-medium-font-size is-layout-flow wp-block-quote-is-layout-flow\"><p>\u201eMi\u0142o\u015b\u0107 to cecha. Mi\u0142o\u015b\u0107 nie jest tym, co robisz. Mi\u0142o\u015b\u0107 jest tym, czym si\u0119 stajesz.\u201d <\/p><cite>Sadhguru<\/cite><\/blockquote>\n\n\n\n<div class=\"wp-block-columns is-layout-flex wp-container-core-columns-is-layout-9d6595d7 wp-block-columns-is-layout-flex\">\n<div class=\"wp-block-column is-layout-flow wp-block-column-is-layout-flow\" style=\"flex-basis:100%\">\n<blockquote class=\"wp-block-quote is-style-large has-medium-font-size is-layout-flow wp-block-quote-is-layout-flow\"><p>\u201eJe\u015bli dojdziesz do \u0142adu z w\u0142asnym wn\u0119trzem, w\u00f3wczas to, co zewn\u0119trzne, samo si\u0119 u\u0142o\u017cy. Rzeczywisto\u015b\u0107 pierwotna tkwi wewn\u0105trz, a zewn\u0119trzna jest wobec niej wt\u00f3rna.\u201d <\/p><cite>Ekhart Tolle<\/cite><\/blockquote>\n<\/div>\n<\/div>\n\n\n\n<div class=\"wp-block-group\"><div class=\"wp-block-group__inner-container is-layout-flow wp-block-group-is-layout-flow\">\n<div class=\"wp-block-columns is-layout-flex wp-container-core-columns-is-layout-9d6595d7 wp-block-columns-is-layout-flex\">\n<div class=\"wp-block-column is-layout-flow wp-block-column-is-layout-flow\" style=\"flex-basis:100%\">\n<div class=\"wp-block-group\"><div class=\"wp-block-group__inner-container is-layout-flow wp-block-group-is-layout-flow\">\n<blockquote class=\"wp-block-quote is-style-large is-layout-flow wp-block-quote-is-layout-flow\"><p>\u201ePragnienie szcz\u0119\u015bcia jest si\u0142\u0105 nap\u0119dow\u0105 wszelkiego dzia\u0142ania. Ka\u017cda, nawet najmniejsza istota pragnie by\u0107 szcz\u0119\u015bliwa i chce unikn\u0105\u0107 cierpienia. Szcz\u0119\u015bcie to wspania\u0142y stan, w kt\u00f3rym z powodu wszechogarniaj\u0105cej rado\u015bci ca\u0142y nasz \u015bwiat dr\u017cy w posadach. U\u015bmiechamy si\u0119 promiennie do wszystkich wok\u00f3\u0142, odczuwamy pe\u0142n\u0105 rado\u015bci moc w ca\u0142ym ciele i pragniemy obj\u0105\u0107 ca\u0142y \u015bwiat. \u015awie\u017co zakochani s\u0105 temu prze\u017cyciu bardzo bliscy \u2013 pocz\u0105tkom mi\u0142o\u015bci cz\u0119sto towarzyszy g\u0142\u0119boka, naturalna b\u0142ogo\u015b\u0107. B\u0119d\u0105c kochanym i mi\u0142o\u015bci\u0105 obdarowuj\u0105c innych, promieniujemy na \u015bwiat ca\u0142ym tym bogactwem\u201d. <\/p><cite>Lama Ole Nydahl<\/cite><\/blockquote>\n<\/div><\/div>\n<\/div>\n<\/div>\n<\/div><\/div>\n\n\n\n<blockquote class=\"wp-block-quote is-style-large is-layout-flow wp-block-quote-is-layout-flow\"><p>\u201eNawet ciemno\u015b\u0107, kt\u00f3ra przenika\u0142a jaskini\u0119 przez tysi\u0105ce lat, zostaje pokonana natychmiast po wpuszczeniu \u015bwiat\u0142a\u201d. <\/p><cite>Paramahamsa Jogananda<\/cite><\/blockquote>\n\n\n\n<blockquote class=\"wp-block-quote is-style-large is-layout-flow wp-block-quote-is-layout-flow\"><p>\u201e\u017bycie zawsze daje nam dok\u0142adnie takiego nauczyciela, jakiego potrzebujemy w danej chwili. Obejmuje to ka\u017cdego komara, ka\u017cde nieszcz\u0119\u015bcie, ka\u017cde czerwone \u015bwiat\u0142o, ka\u017cdy korek uliczny, ka\u017cdego niezno\u015bnego prze\u0142o\u017conego (lub pracownika), ka\u017cd\u0105 chorob\u0119, ka\u017cd\u0105 strat\u0119, ka\u017cd\u0105 chwil\u0119 rado\u015bci lub depresji, ka\u017cdy na\u0142\u00f3g, ka\u017cdy \u015bmie\u0107, ka\u017cdy oddech. Ka\u017cda chwila jest guru.\u201d<\/p><cite>Charlotte Joko Beck<\/cite><\/blockquote>\n\n\n\n<blockquote class=\"wp-block-quote is-style-large is-layout-flow wp-block-quote-is-layout-flow\"><p>\u201eBosko\u015b\u0107 jest morzem. Wszystkie religie to rzeki prowadz\u0105ce do morza. Niekt\u00f3re rzeki bardzo mocno si\u0119 wij\u0105. Dlaczego nie pod\u0105\u017ca\u0107 bezpo\u015brednio do morza?\u201d<\/p><cite>Mother Meera<\/cite><\/blockquote>\n\n\n\n<blockquote class=\"wp-block-quote is-style-large is-layout-flow wp-block-quote-is-layout-flow\"><p>\u201eWszystkie rzeczy we wszech\u015bwiecie, nawet takie jak przep\u0142ywaj\u0105ca my\u015bl, zostaj\u0105 na zawsze zapisane w bezczasowym polu \u015bwiadomo\u015bci, kt\u00f3re jest wsz\u0119dzie i na r\u00f3wni obecne. Wszystko, co kiedykolwiek mia\u0142o miejsce, czy to fizycznie, czy w my\u015blach, jest tak samo dost\u0119pne, poniewa\u017c pole znajduje si\u0119 poza czasem i przestrzeni\u0105. Nie istnieje w nim \u201etu\u201d ani \u201etam\u201d, nie ma te\u017c \u201eteraz\u201d ani \u201ewtedy\u201d. Jego pe\u0142nia jest na r\u00f3wni i trwale obecna dos\u0142ownie wsz\u0119dzie.\u201d<\/p><cite>David R. Hawkins<\/cite><\/blockquote>\n\n\n\n<blockquote class=\"wp-block-quote is-style-large is-layout-flow wp-block-quote-is-layout-flow\"><p>&nbsp;\u201eLudzie nie \u017cyj\u0105, wi\u0119kszo\u015b\u0107 z was nie \u017cyje, jedynie podtrzymujecie swe cia\u0142o przy \u017cyciu. To jednak nie jest \u017cycie, ale wegetacja. Nie \u017cyjecie tak naprawd\u0119, dop\u00f3ki nie b\u0119dzie wam oboj\u0119tne, czy jeste\u015bcie \u017cywi czy umarli. Dopiero wtedy \u017cyjecie. Kiedy jeste\u015bcie gotowi utraci\u0107 \u017cycie \u2013 zaczniecie \u017cy\u0107. Ale je\u015bli zaczniecie chroni\u0107 swe \u017cycie, jeste\u015bcie martwi.\u201d<\/p><cite>Anthony de Mello<\/cite><\/blockquote>\n\n\n\n<blockquote class=\"wp-block-quote is-style-large is-layout-flow wp-block-quote-is-layout-flow\"><p>\u201eNie jestem moimi my\u015blami, emocjami i postrzeganiem zmys\u0142owym ani do\u015bwiadczeniami. Nie jestem tre\u015bci\u0105 mojego \u017cycia. Jestem \u017cyciem. Jestem przestrzeni\u0105, w kt\u00f3rej wszystko si\u0119 wydarza. Jestem \u015bwiadomo\u015bci\u0105. Jestem TERAZ. Jestem.\u201d<\/p><cite>Ekhart Tolle<\/cite><\/blockquote>\n\n\n\n<blockquote class=\"wp-block-quote is-style-large is-layout-flow wp-block-quote-is-layout-flow\"><p>\u201eWszystko, co ma si\u0119 zdarzy\u0107, zdarzy si\u0119, mimo wysi\u0142k\u00f3w podj\u0119tych, by si\u0119 nie zdarzy\u0142o. Wszystko, co ma si\u0119 nie zdarzy\u0107, nie zdarzy si\u0119, mimo wysi\u0142k\u00f3w podj\u0119tych, by si\u0119 zdarzy\u0142o\u201d.<\/p><cite>Ramana Maharshi<\/cite><\/blockquote>\n<\/div><\/div>\n<\/div>\n<\/div>\n<\/div><\/div>\n<\/div>\n<\/div>\n\n\n\n<div class=\"wp-block-group\"><div class=\"wp-block-group__inner-container is-layout-flow wp-block-group-is-layout-flow\">\n<blockquote class=\"wp-block-quote is-style-large has-medium-font-size is-layout-flow wp-block-quote-is-layout-flow\"><p><em><mark style=\"background-color:rgba(0, 0, 0, 0)\" class=\"has-inline-color has-black-color\">\u201eWszyscy byli\u015bmy w b\u0142\u0119dzie. To, co nazywamy \u201emateri\u0105\u201d, jest w rzeczywisto\u015bci energi\u0105, kt\u00f3rej wibracja zosta\u0142a spowolniona do poziomu odbieranego przez nasze zmys\u0142y.\u201d<\/mark><\/em><\/p><cite>Albert Einstein<\/cite><\/blockquote>\n<\/div><\/div>\n\n\n\n<blockquote class=\"wp-block-quote is-style-large has-medium-font-size is-layout-flow wp-block-quote-is-layout-flow\" style=\"font-style:normal;font-weight:400\"><p><mark style=\"background-color:rgba(0, 0, 0, 0)\" class=\"has-inline-color has-black-color\">\u201eJako cz\u0142owiek, kt\u00f3ry po\u015bwi\u0119ci\u0142 ca\u0142e swoje \u017cycie na najbardziej zdroworozs\u0105dkow\u0105 nauk\u0119 \u2013 studia nad atomem, mog\u0119 Was zapewni\u0107 jako rezultat moich bada\u0144, \u017ce w istocie\u2026 nie ma czego\u015b takiego jak materia. Materia w takim sensie, w jakim j\u0105 postrzegamy, wywodzi si\u0119 i istnieje jedynie dzi\u0119ki sile, kt\u00f3ra wprawia cz\u0105stki w drgania i trzyma ten malutki uk\u0142ad s\u0142oneczny w ca\u0142o\u015bci. Musimy przyj\u0105\u0107, \u017ce za t\u0105 si\u0142\u0105 kryje si\u0119 inteligentny i \u015bwiadomy umys\u0142. Ten umys\u0142 jest macierz\u0105 ca\u0142ej materii i ca\u0142ego wszech\u015bwiata.\u201d<\/mark> <\/p><cite>Max Planck<\/cite><\/blockquote>\n","protected":false},"excerpt":{"rendered":"<p>\u201eMi\u0142o\u015b\u0107 to cecha. Mi\u0142o\u015b\u0107 nie jest tym, co robisz. Mi\u0142o\u015b\u0107 jest tym, czym si\u0119 stajesz.\u201d&hellip;<\/p>\n","protected":false},"author":1,"featured_media":0,"parent":0,"menu_order":0,"comment_status":"closed","ping_status":"closed","template":"","meta":{"give_campaign_id":0,"footnotes":""},"class_list":["post-110","page","type-page","status-publish","hentry"],"campaignId":"","_links":{"self":[{"href":"https:\/\/lotuswonderland.com\/index.php\/wp-json\/wp\/v2\/pages\/110","targetHints":{"allow":["GET"]}}],"collection":[{"href":"https:\/\/lotuswonderland.com\/index.php\/wp-json\/wp\/v2\/pages"}],"about":[{"href":"https:\/\/lotuswonderland.com\/index.php\/wp-json\/wp\/v2\/types\/page"}],"author":[{"embeddable":true,"href":"https:\/\/lotuswonderland.com\/index.php\/wp-json\/wp\/v2\/users\/1"}],"replies":[{"embeddable":true,"href":"https:\/\/lotuswonderland.com\/index.php\/wp-json\/wp\/v2\/comments?post=110"}],"version-history":[{"count":36,"href":"https:\/\/lotuswonderland.com\/index.php\/wp-json\/wp\/v2\/pages\/110\/revisions"}],"predecessor-version":[{"id":503,"href":"https:\/\/lotuswonderland.com\/index.php\/wp-json\/wp\/v2\/pages\/110\/revisions\/503"}],"wp:attachment":[{"href":"https:\/\/lotuswonderland.com\/index.php\/wp-json\/wp\/v2\/media?parent=110"}],"curies":[{"name":"wp","href":"https:\/\/api.w.org\/{rel}","templated":true}]}}